{"id":1486,"date":"2021-03-24T06:34:48","date_gmt":"2021-03-24T06:34:48","guid":{"rendered":"http:\/\/travo.iamabdus.com\/v1.0\/?page_id=1486"},"modified":"2025-06-19T18:21:59","modified_gmt":"2025-06-19T18:21:59","slug":"faq","status":"publish","type":"page","link":"https:\/\/malamaris.com\/hr\/faq\/","title":{"rendered":"FAQ"},"content":{"rendered":"<div data-elementor-type=\"wp-page\" data-elementor-id=\"1486\" class=\"elementor elementor-1486\">\n\t\t\t\t\t\t<section class=\"elementor-section elementor-top-section elementor-element elementor-element-d05dc1b elementor-section-boxed elementor-section-height-default elementor-section-height-default\" data-id=\"d05dc1b\" data-element_type=\"section\">\n\t\t\t\t\t\t<div class=\"elementor-container elementor-column-gap-default\">\n\t\t\t\t\t<div class=\"elementor-column elementor-col-100 elementor-top-column elementor-element elementor-element-167abaa\" data-id=\"167abaa\" data-element_type=\"column\">\n\t\t\t<div class=\"elementor-widget-wrap elementor-element-populated\">\n\t\t\t\t\t\t<div class=\"elementor-element elementor-element-0d568a5 elementor-widget elementor-widget-heading\" data-id=\"0d568a5\" data-element_type=\"widget\" data-widget_type=\"heading.default\">\n\t\t\t\t<div class=\"elementor-widget-container\">\n\t\t\t<style>\/*! elementor - v3.21.0 - 18-04-2024 *\/\n.elementor-heading-title{padding:0;margin:0;line-height:1}.elementor-widget-heading .elementor-heading-title[class*=elementor-size-]>a{color:inherit;font-size:inherit;line-height:inherit}.elementor-widget-heading .elementor-heading-title.elementor-size-small{font-size:15px}.elementor-widget-heading .elementor-heading-title.elementor-size-medium{font-size:19px}.elementor-widget-heading .elementor-heading-title.elementor-size-large{font-size:29px}.elementor-widget-heading .elementor-heading-title.elementor-size-xl{font-size:39px}.elementor-widget-heading .elementor-heading-title.elementor-size-xxl{font-size:59px}<\/style><h2 class=\"elementor-heading-title elementor-size-default\">Poneka<\/h2>\t\t<\/div>\n\t\t\t\t<\/div>\n\t\t\t\t<div class=\"elementor-element elementor-element-3fb2e71 elementor-widget elementor-widget-heading\" data-id=\"3fb2e71\" data-element_type=\"widget\" data-widget_type=\"heading.default\">\n\t\t\t\t<div class=\"elementor-widget-container\">\n\t\t\t<h2 class=\"elementor-heading-title elementor-size-default\">\u010cesta pitanja<\/h2>\t\t<\/div>\n\t\t\t\t<\/div>\n\t\t\t\t<div class=\"elementor-element elementor-element-b7232da elementor-widget elementor-widget-bdt-accordion\" data-id=\"b7232da\" data-element_type=\"widget\" data-widget_type=\"bdt-accordion.default\">\n\t\t\t\t<div class=\"elementor-widget-container\">\n\t\t\t      <div class=\"bdt-accordion-container\">\r\n        <div id=\"bdt-accordion-b7232da\" class=\"bdt-accordion\" bdt-accordion=\"{&quot;collapsible&quot;:false,&quot;multiple&quot;:false,&quot;transition&quot;:&quot;ease-in-out&quot;}\" data-settings=\"{&quot;id&quot;:&quot;bdt-accordion-b7232da&quot;,&quot;activeHash&quot;:&quot;no&quot;,&quot;activeScrollspy&quot;:null,&quot;hashTopOffset&quot;:false,&quot;hashScrollspyTime&quot;:false}\">\r\n                      <div class=\"bdt-accordion-item\">\r\n            <div \r\n                class=\"bdt-accordion-title bdt-flex bdt-flex-middle bdt-flex-between\"                id=\"bdt-accordion-bad-weather\" \r\n                data-accordion-index=\"0\" \r\n                data-title=\"bad-weather\" >\r\n\r\n                              <span class=\"bdt-accordion-icon bdt-flex-align-right\"\r\n                      aria-hidden=\"true\">\r\n\r\n\t\t\t\t                  <span class=\"bdt-accordion-icon-closed\">\r\n\t\t\t\t\t\t<i aria-hidden=\"true\" class=\"fa-fw fas fa-plus\"><\/i>\t\t\t\t\t\t<\/span>\r\n                \r\n                                          <span class=\"bdt-accordion-icon-opened\">\r\n\t\t\t\t\t\t\t\t\t<i aria-hidden=\"true\" class=\"fa-fw fas fa-minus\"><\/i>\t\t\t\t\t\t\t\t\t<\/span>\r\n                    \r\n\t\t\t\t\t\t\t<\/span>\r\n                            Lo\u0161e vrijeme?\r\n          <\/div>\r\n          <div class=\"bdt-accordion-content\">\r\n              <p>U slu\u010daju iznimno lo\u0161eg vremena (jaka bura ili jugo s ki\u0161om), izlet se odga\u0111a te se prebacuje za prvi sljede\u0107i dan siguran za plovidbu. Ako nikako niste u mogu\u0107nosti pridru\u017eiti se izletu s promijenjenim danom, vra\u0107amo vam upla\u0107eni polog.<\/p>          <\/div>\r\n        <\/div>\r\n                    <div class=\"bdt-accordion-item\">\r\n            <div \r\n                class=\"bdt-accordion-title bdt-flex bdt-flex-middle bdt-flex-between\"                id=\"bdt-accordion-need-for-cancellation\" \r\n                data-accordion-index=\"1\" \r\n                data-title=\"need-for-cancellation\" >\r\n\r\n                              <span class=\"bdt-accordion-icon bdt-flex-align-right\"\r\n                      aria-hidden=\"true\">\r\n\r\n\t\t\t\t                  <span class=\"bdt-accordion-icon-closed\">\r\n\t\t\t\t\t\t<i aria-hidden=\"true\" class=\"fa-fw fas fa-plus\"><\/i>\t\t\t\t\t\t<\/span>\r\n                \r\n                                          <span class=\"bdt-accordion-icon-opened\">\r\n\t\t\t\t\t\t\t\t\t<i aria-hidden=\"true\" class=\"fa-fw fas fa-minus\"><\/i>\t\t\t\t\t\t\t\t\t<\/span>\r\n                    \r\n\t\t\t\t\t\t\t<\/span>\r\n                            Potreba otkazivanja?\r\n          <\/div>\r\n          <div class=\"bdt-accordion-content\">\r\n              <p>Ako ste osobni razloga primorani otkazati izlet, nudimo vam mogu\u0107nost izmjene datuma rezervacije ili povrata iznosa<\/p>          <\/div>\r\n        <\/div>\r\n                    <div class=\"bdt-accordion-item\">\r\n            <div \r\n                class=\"bdt-accordion-title bdt-flex bdt-flex-middle bdt-flex-between\"                id=\"bdt-accordion-necessary-thingsequipment\" \r\n                data-accordion-index=\"2\" \r\n                data-title=\"necessary-things-equipment\" >\r\n\r\n                              <span class=\"bdt-accordion-icon bdt-flex-align-right\"\r\n                      aria-hidden=\"true\">\r\n\r\n\t\t\t\t                  <span class=\"bdt-accordion-icon-closed\">\r\n\t\t\t\t\t\t<i aria-hidden=\"true\" class=\"fa-fw fas fa-plus\"><\/i>\t\t\t\t\t\t<\/span>\r\n                \r\n                                          <span class=\"bdt-accordion-icon-opened\">\r\n\t\t\t\t\t\t\t\t\t<i aria-hidden=\"true\" class=\"fa-fw fas fa-minus\"><\/i>\t\t\t\t\t\t\t\t\t<\/span>\r\n                    \r\n\t\t\t\t\t\t\t<\/span>\r\n                            Potrebne stvari\/oprema\r\n          <\/div>\r\n          <div class=\"bdt-accordion-content\">\r\n              <p>Za izlet brodom preporu\u010da se  ljetna odje\u0107a (kupa\u0107i kostim, ru\u010dnik,  obu\u0107a, adekvatna za\u0161tita od sunca: krema i nao\u010dale) i po potrebi dodatni sloj odje\u0107e u slu\u010daju vjetra.<\/p>          <\/div>\r\n        <\/div>\r\n                    <div class=\"bdt-accordion-item\">\r\n            <div \r\n                class=\"bdt-accordion-title bdt-flex bdt-flex-middle bdt-flex-between\"                id=\"bdt-accordion-discount-for-groups\" \r\n                data-accordion-index=\"3\" \r\n                data-title=\"discount-for-groups\" >\r\n\r\n                              <span class=\"bdt-accordion-icon bdt-flex-align-right\"\r\n                      aria-hidden=\"true\">\r\n\r\n\t\t\t\t                  <span class=\"bdt-accordion-icon-closed\">\r\n\t\t\t\t\t\t<i aria-hidden=\"true\" class=\"fa-fw fas fa-plus\"><\/i>\t\t\t\t\t\t<\/span>\r\n                \r\n                                          <span class=\"bdt-accordion-icon-opened\">\r\n\t\t\t\t\t\t\t\t\t<i aria-hidden=\"true\" class=\"fa-fw fas fa-minus\"><\/i>\t\t\t\t\t\t\t\t\t<\/span>\r\n                    \r\n\t\t\t\t\t\t\t<\/span>\r\n                            Popusti za grupe\r\n          <\/div>\r\n          <div class=\"bdt-accordion-content\">\r\n              <p>Nudimo popuste za velike grupe. Molimo vas da nas kontaktirate za vi\u0161e informacija.<\/p>          <\/div>\r\n        <\/div>\r\n                    <div class=\"bdt-accordion-item\">\r\n            <div \r\n                class=\"bdt-accordion-title bdt-flex bdt-flex-middle bdt-flex-between\"                id=\"bdt-accordion-food-and-drinks-on-board\" \r\n                data-accordion-index=\"4\" \r\n                data-title=\"food-and-drinks-on-board\" >\r\n\r\n                              <span class=\"bdt-accordion-icon bdt-flex-align-right\"\r\n                      aria-hidden=\"true\">\r\n\r\n\t\t\t\t                  <span class=\"bdt-accordion-icon-closed\">\r\n\t\t\t\t\t\t<i aria-hidden=\"true\" class=\"fa-fw fas fa-plus\"><\/i>\t\t\t\t\t\t<\/span>\r\n                \r\n                                          <span class=\"bdt-accordion-icon-opened\">\r\n\t\t\t\t\t\t\t\t\t<i aria-hidden=\"true\" class=\"fa-fw fas fa-minus\"><\/i>\t\t\t\t\t\t\t\t\t<\/span>\r\n                    \r\n\t\t\t\t\t\t\t<\/span>\r\n                            Hrana i pi\u0107e na brodu\r\n          <\/div>\r\n          <div class=\"bdt-accordion-content\">\r\n              <p>U cijenu izleta uklju\u010den je ru\u010dak, mogu\u0107a je kupovina pi\u0107a na brodu tijekom cijelog dana uz nadoplatu (bezalkoholna i alkoholna pi\u0107a).<\/p>          <\/div>\r\n        <\/div>\r\n                    <div class=\"bdt-accordion-item\">\r\n            <div \r\n                class=\"bdt-accordion-title bdt-flex bdt-flex-middle bdt-flex-between\"                id=\"bdt-accordion-dolphins\" \r\n                data-accordion-index=\"5\" \r\n                data-title=\"dolphins\" >\r\n\r\n                              <span class=\"bdt-accordion-icon bdt-flex-align-right\"\r\n                      aria-hidden=\"true\">\r\n\r\n\t\t\t\t                  <span class=\"bdt-accordion-icon-closed\">\r\n\t\t\t\t\t\t<i aria-hidden=\"true\" class=\"fa-fw fas fa-plus\"><\/i>\t\t\t\t\t\t<\/span>\r\n                \r\n                                          <span class=\"bdt-accordion-icon-opened\">\r\n\t\t\t\t\t\t\t\t\t<i aria-hidden=\"true\" class=\"fa-fw fas fa-minus\"><\/i>\t\t\t\t\t\t\t\t\t<\/span>\r\n                    \r\n\t\t\t\t\t\t\t<\/span>\r\n                            Dupini\r\n          <\/div>\r\n          <div class=\"bdt-accordion-content\">\r\n              <p>U rapskom akvatoriju dupini su \u010desti gosti, pogotovo u vrijeme kada je manje brodova na moru. Me\u0111utim, kao slobodne \u017eivotinje, rijetko su na istom mjestu i nemogu\u0107e je garantirati da \u0107emo ih vidjeti na izletima.<\/p>          <\/div>\r\n        <\/div>\r\n                <\/div>\r\n      <\/div>\r\n        \t\t<\/div>\n\t\t\t\t<\/div>\n\t\t\t\t\t<\/div>\n\t\t<\/div>\n\t\t\t\t\t<\/div>\n\t\t<\/section>\n\t\t\t\t<\/div>","protected":false},"excerpt":{"rendered":"<p>Frequently Asked Questions Bad weather? In case of extremely bad weather (strong bora or jugo with rain), the trip is &hellip;<\/p>","protected":false},"author":1,"featured_media":3112,"parent":0,"menu_order":0,"comment_status":"closed","ping_status":"closed","template":"","meta":{"_monsterinsights_skip_tracking":false,"_monsterinsights_sitenote_active":false,"_monsterinsights_sitenote_note":"","_monsterinsights_sitenote_category":0,"footnotes":""},"class_list":["post-1486","page","type-page","status-publish","has-post-thumbnail","hentry"],"aioseo_notices":[],"_links":{"self":[{"href":"https:\/\/malamaris.com\/hr\/wp-json\/wp\/v2\/pages\/1486","targetHints":{"allow":["GET"]}}],"collection":[{"href":"https:\/\/malamaris.com\/hr\/wp-json\/wp\/v2\/pages"}],"about":[{"href":"https:\/\/malamaris.com\/hr\/wp-json\/wp\/v2\/types\/page"}],"author":[{"embeddable":true,"href":"https:\/\/malamaris.com\/hr\/wp-json\/wp\/v2\/users\/1"}],"replies":[{"embeddable":true,"href":"https:\/\/malamaris.com\/hr\/wp-json\/wp\/v2\/comments?post=1486"}],"version-history":[{"count":9,"href":"https:\/\/malamaris.com\/hr\/wp-json\/wp\/v2\/pages\/1486\/revisions"}],"predecessor-version":[{"id":4702,"href":"https:\/\/malamaris.com\/hr\/wp-json\/wp\/v2\/pages\/1486\/revisions\/4702"}],"wp:featuredmedia":[{"embeddable":true,"href":"https:\/\/malamaris.com\/hr\/wp-json\/wp\/v2\/media\/3112"}],"wp:attachment":[{"href":"https:\/\/malamaris.com\/hr\/wp-json\/wp\/v2\/media?parent=1486"}],"curies":[{"name":"wp","href":"https:\/\/api.w.org\/{rel}","templated":true}]}}